{"id":20828,"date":"2025-07-14T07:30:30","date_gmt":"2025-07-14T05:30:30","guid":{"rendered":"https:\/\/supermama.edu.pl\/?post_type=product&#038;p=20828"},"modified":"2026-03-05T09:08:07","modified_gmt":"2026-03-05T08:08:07","slug":"recznie-dziergana-piers","status":"publish","type":"product","link":"https:\/\/supermama.edu.pl\/produkt\/recznie-dziergana-piers\/","title":{"rendered":"R\u0119cznie dziergana pier\u015b"},"content":{"rendered":"<p><strong>R\u0119cznie dziergane piersi \u2013 model edukacyjny do nauki karmienia piersi\u0105<\/strong><\/p>\n<p>R\u0119cznie dziergane modele piersi to niezwykle skuteczne i estetyczne narz\u0119dzie wspieraj\u0105ce edukacj\u0119 laktacyjn\u0105. Powstaj\u0105 w Polsce, z dba\u0142o\u015bci\u0105 o ka\u017cdy detal, dzi\u0119ki czemu ka\u017cda sztuka jest unikatowa \u2013 tak jak ka\u017cda prawdziwa pier\u015b. Mi\u0119kka, przyjemna w dotyku forma sprawia, \u017ce doskonale sprawdzaj\u0105 si\u0119 podczas warsztat\u00f3w, indywidualnych konsultacji i zaj\u0119\u0107 w szko\u0142ach rodzenia.<\/p>\n<p>Ich uproszczona budowa pozwala w klarowny spos\u00f3b pokaza\u0107 mechanizm ssania, pozycjonowanie brodawki oraz prawid\u0142owe przystawienie dziecka do piersi \u2013 bez stresu, w przyjaznej atmosferze. To narz\u0119dzie, kt\u00f3re u\u0142atwia t\u0142umaczenie, wspiera zrozumienie i buduje pewno\u015b\u0107 siebie przysz\u0142ych mam.<\/p>\n<p>Czas realizacji wynosi 4-6 dni robocze.<\/p>\n","protected":false},"excerpt":{"rendered":"<p>R\u0119cznie dziergany model piersi to estetyczne i skuteczne narz\u0119dzie do nauki karmienia piersi\u0105, stworzone z my\u015bl\u0105 o edukacji laktacyjnej i wsparciu przysz\u0142ych mam.<\/p>\n","protected":false},"featured_media":20829,"comment_status":"open","ping_status":"closed","template":"","meta":{"inline_featured_image":false,"editor_plus_copied_stylings":"{}"},"product_brand":[],"product_cat":[73,2283],"product_tag":[],"product_kind":[69],"class_list":{"0":"post-20828","1":"product","2":"type-product","3":"status-publish","4":"has-post-thumbnail","6":"product_cat-fizyczny-produkt","7":"product_cat-super-prezent","8":"product_kind-fizyczny-produkt","10":"first","11":"instock","12":"sold-individually","13":"shipping-taxable","14":"purchasable","15":"product-type-simple"},"yoast_head":"<!-- This site is optimized with the Yoast SEO plugin v25.7 - https:\/\/yoast.com\/wordpress\/plugins\/seo\/ -->\n<title>R\u0119cznie dziergana pier\u015b - Supermama<\/title>\n<meta name=\"robots\" content=\"index, follow, max-snippet:-1, max-image-preview:large, max-video-preview:-1\" \/>\n<link rel=\"canonical\" href=\"https:\/\/supermama.edu.pl\/produkt\/recznie-dziergana-piers\/\" \/>\n<meta property=\"og:locale\" content=\"pl_PL\" \/>\n<meta property=\"og:type\" content=\"article\" \/>\n<meta property=\"og:title\" content=\"R\u0119cznie dziergana pier\u015b - Supermama\" \/>\n<meta property=\"og:description\" content=\"R\u0119cznie dziergany model piersi to estetyczne i skuteczne narz\u0119dzie do nauki karmienia piersi\u0105, stworzone z my\u015bl\u0105 o edukacji laktacyjnej i wsparciu przysz\u0142ych mam.\" \/>\n<meta property=\"og:url\" content=\"https:\/\/supermama.edu.pl\/produkt\/recznie-dziergana-piers\/\" \/>\n<meta property=\"og:site_name\" content=\"Supermama\" \/>\n<meta property=\"article:modified_time\" content=\"2026-03-05T08:08:07+00:00\" \/>\n<meta property=\"og:image\" content=\"https:\/\/supermama.edu.pl\/wp-content\/uploads\/2025\/07\/Recznie-dziergane-piersi-1.png\" \/>\n\t<meta property=\"og:image:width\" content=\"1080\" \/>\n\t<meta property=\"og:image:height\" content=\"1080\" \/>\n\t<meta property=\"og:image:type\" content=\"image\/png\" \/>\n<meta name=\"twitter:card\" content=\"summary_large_image\" \/>\n<meta name=\"twitter:label1\" content=\"Szacowany czas czytania\" \/>\n\t<meta name=\"twitter:data1\" content=\"1 minuta\" \/>\n<script type=\"application\/ld+json\" class=\"yoast-schema-graph\">{\"@context\":\"https:\/\/schema.org\",\"@graph\":[{\"@type\":\"WebPage\",\"@id\":\"https:\/\/supermama.edu.pl\/produkt\/recznie-dziergana-piers\/\",\"url\":\"https:\/\/supermama.edu.pl\/produkt\/recznie-dziergana-piers\/\",\"name\":\"R\u0119cznie dziergana pier\u015b - Supermama\",\"isPartOf\":{\"@id\":\"https:\/\/supermama.edu.pl\/#website\"},\"primaryImageOfPage\":{\"@id\":\"https:\/\/supermama.edu.pl\/produkt\/recznie-dziergana-piers\/#primaryimage\"},\"image\":{\"@id\":\"https:\/\/supermama.edu.pl\/produkt\/recznie-dziergana-piers\/#primaryimage\"},\"thumbnailUrl\":\"https:\/\/supermama.edu.pl\/wp-content\/uploads\/2025\/07\/Recznie-dziergane-piersi-1.png\",\"datePublished\":\"2025-07-14T05:30:30+00:00\",\"dateModified\":\"2026-03-05T08:08:07+00:00\",\"breadcrumb\":{\"@id\":\"https:\/\/supermama.edu.pl\/produkt\/recznie-dziergana-piers\/#breadcrumb\"},\"inLanguage\":\"pl-PL\",\"potentialAction\":[{\"@type\":\"ReadAction\",\"target\":[\"https:\/\/supermama.edu.pl\/produkt\/recznie-dziergana-piers\/\"]}]},{\"@type\":\"ImageObject\",\"inLanguage\":\"pl-PL\",\"@id\":\"https:\/\/supermama.edu.pl\/produkt\/recznie-dziergana-piers\/#primaryimage\",\"url\":\"https:\/\/supermama.edu.pl\/wp-content\/uploads\/2025\/07\/Recznie-dziergane-piersi-1.png\",\"contentUrl\":\"https:\/\/supermama.edu.pl\/wp-content\/uploads\/2025\/07\/Recznie-dziergane-piersi-1.png\",\"width\":1080,\"height\":1080},{\"@type\":\"BreadcrumbList\",\"@id\":\"https:\/\/supermama.edu.pl\/produkt\/recznie-dziergana-piers\/#breadcrumb\",\"itemListElement\":[{\"@type\":\"ListItem\",\"position\":1,\"name\":\"Strona g\u0142\u00f3wna\",\"item\":\"https:\/\/supermama.edu.pl\/\"},{\"@type\":\"ListItem\",\"position\":2,\"name\":\"Produkty\",\"item\":\"https:\/\/supermama.edu.pl\/sklep\/produkty\/\"},{\"@type\":\"ListItem\",\"position\":3,\"name\":\"R\u0119cznie dziergana pier\u015b\"}]},{\"@type\":\"WebSite\",\"@id\":\"https:\/\/supermama.edu.pl\/#website\",\"url\":\"https:\/\/supermama.edu.pl\/\",\"name\":\"Supermama\",\"description\":\"Ma\u0142a wielka edukacja\",\"potentialAction\":[{\"@type\":\"SearchAction\",\"target\":{\"@type\":\"EntryPoint\",\"urlTemplate\":\"https:\/\/supermama.edu.pl\/?s={search_term_string}\"},\"query-input\":{\"@type\":\"PropertyValueSpecification\",\"valueRequired\":true,\"valueName\":\"search_term_string\"}}],\"inLanguage\":\"pl-PL\"}]}<\/script>\n<!-- \/ Yoast SEO plugin. -->","yoast_head_json":{"title":"R\u0119cznie dziergana pier\u015b - Supermama","robots":{"index":"index","follow":"follow","max-snippet":"max-snippet:-1","max-image-preview":"max-image-preview:large","max-video-preview":"max-video-preview:-1"},"canonical":"https:\/\/supermama.edu.pl\/produkt\/recznie-dziergana-piers\/","og_locale":"pl_PL","og_type":"article","og_title":"R\u0119cznie dziergana pier\u015b - Supermama","og_description":"R\u0119cznie dziergany model piersi to estetyczne i skuteczne narz\u0119dzie do nauki karmienia piersi\u0105, stworzone z my\u015bl\u0105 o edukacji laktacyjnej i wsparciu przysz\u0142ych mam.","og_url":"https:\/\/supermama.edu.pl\/produkt\/recznie-dziergana-piers\/","og_site_name":"Supermama","article_modified_time":"2026-03-05T08:08:07+00:00","og_image":[{"width":1080,"height":1080,"url":"https:\/\/supermama.edu.pl\/wp-content\/uploads\/2025\/07\/Recznie-dziergane-piersi-1.png","type":"image\/png"}],"twitter_card":"summary_large_image","twitter_misc":{"Szacowany czas czytania":"1 minuta"},"schema":{"@context":"https:\/\/schema.org","@graph":[{"@type":"WebPage","@id":"https:\/\/supermama.edu.pl\/produkt\/recznie-dziergana-piers\/","url":"https:\/\/supermama.edu.pl\/produkt\/recznie-dziergana-piers\/","name":"R\u0119cznie dziergana pier\u015b - Supermama","isPartOf":{"@id":"https:\/\/supermama.edu.pl\/#website"},"primaryImageOfPage":{"@id":"https:\/\/supermama.edu.pl\/produkt\/recznie-dziergana-piers\/#primaryimage"},"image":{"@id":"https:\/\/supermama.edu.pl\/produkt\/recznie-dziergana-piers\/#primaryimage"},"thumbnailUrl":"https:\/\/supermama.edu.pl\/wp-content\/uploads\/2025\/07\/Recznie-dziergane-piersi-1.png","datePublished":"2025-07-14T05:30:30+00:00","dateModified":"2026-03-05T08:08:07+00:00","breadcrumb":{"@id":"https:\/\/supermama.edu.pl\/produkt\/recznie-dziergana-piers\/#breadcrumb"},"inLanguage":"pl-PL","potentialAction":[{"@type":"ReadAction","target":["https:\/\/supermama.edu.pl\/produkt\/recznie-dziergana-piers\/"]}]},{"@type":"ImageObject","inLanguage":"pl-PL","@id":"https:\/\/supermama.edu.pl\/produkt\/recznie-dziergana-piers\/#primaryimage","url":"https:\/\/supermama.edu.pl\/wp-content\/uploads\/2025\/07\/Recznie-dziergane-piersi-1.png","contentUrl":"https:\/\/supermama.edu.pl\/wp-content\/uploads\/2025\/07\/Recznie-dziergane-piersi-1.png","width":1080,"height":1080},{"@type":"BreadcrumbList","@id":"https:\/\/supermama.edu.pl\/produkt\/recznie-dziergana-piers\/#breadcrumb","itemListElement":[{"@type":"ListItem","position":1,"name":"Strona g\u0142\u00f3wna","item":"https:\/\/supermama.edu.pl\/"},{"@type":"ListItem","position":2,"name":"Produkty","item":"https:\/\/supermama.edu.pl\/sklep\/produkty\/"},{"@type":"ListItem","position":3,"name":"R\u0119cznie dziergana pier\u015b"}]},{"@type":"WebSite","@id":"https:\/\/supermama.edu.pl\/#website","url":"https:\/\/supermama.edu.pl\/","name":"Supermama","description":"Ma\u0142a wielka edukacja","potentialAction":[{"@type":"SearchAction","target":{"@type":"EntryPoint","urlTemplate":"https:\/\/supermama.edu.pl\/?s={search_term_string}"},"query-input":{"@type":"PropertyValueSpecification","valueRequired":true,"valueName":"search_term_string"}}],"inLanguage":"pl-PL"}]}},"gutenberg_blocks":[{"blockName":"custom-styles","attrs":{"styles":""}}],"meta_data":{"product_kind":{"term_id":69,"name":"Fizyczny produkt","slug":"fizyczny-produkt","term_group":0,"term_taxonomy_id":69,"taxonomy":"product_kind","description":"","parent":0,"count":37,"filter":"raw","term_order":"0"},"label":"null","background":{"ID":9504,"id":9504,"title":"hero pogotowie laktacyjne","filename":"hero-pogotowie-laktacyjne.png","filesize":927818,"url":"https:\/\/supermama.edu.pl\/wp-content\/uploads\/2024\/02\/hero-pogotowie-laktacyjne.png","link":"https:\/\/supermama.edu.pl\/produkt\/pogotowie-laktacyjne\/attachment\/hero-pogotowie-laktacyjne\/","alt":"","author":"69","description":"","caption":"","name":"hero-pogotowie-laktacyjne","status":"inherit","uploaded_to":255,"date":"2024-08-22 09:27:43","modified":"2024-08-22 09:27:43","menu_order":0,"mime_type":"image\/png","type":"image","subtype":"png","icon":"https:\/\/supermama.edu.pl\/wp-includes\/images\/media\/default.png","width":1920,"height":454,"sizes":{"thumbnail":"https:\/\/supermama.edu.pl\/wp-content\/uploads\/2024\/02\/hero-pogotowie-laktacyjne-150x150.png","thumbnail-width":150,"thumbnail-height":150,"medium":"https:\/\/supermama.edu.pl\/wp-content\/uploads\/2024\/02\/hero-pogotowie-laktacyjne-450x106.png","medium-width":450,"medium-height":106,"medium_large":"https:\/\/supermama.edu.pl\/wp-content\/uploads\/2024\/02\/hero-pogotowie-laktacyjne-768x182.png","medium_large-width":768,"medium_large-height":182,"large":"https:\/\/supermama.edu.pl\/wp-content\/uploads\/2024\/02\/hero-pogotowie-laktacyjne-1024x242.png","large-width":1024,"large-height":242,"1536x1536":"https:\/\/supermama.edu.pl\/wp-content\/uploads\/2024\/02\/hero-pogotowie-laktacyjne-1536x363.png","1536x1536-width":1536,"1536x1536-height":363,"2048x2048":"https:\/\/supermama.edu.pl\/wp-content\/uploads\/2024\/02\/hero-pogotowie-laktacyjne.png","2048x2048-width":1920,"2048x2048-height":454,"small":"https:\/\/supermama.edu.pl\/wp-content\/uploads\/2024\/02\/hero-pogotowie-laktacyjne-500x118.png","small-width":500,"small-height":118,"woocommerce_thumbnail":"https:\/\/supermama.edu.pl\/wp-content\/uploads\/2024\/02\/hero-pogotowie-laktacyjne-300x300.png","woocommerce_thumbnail-width":300,"woocommerce_thumbnail-height":300,"woocommerce_single":"https:\/\/supermama.edu.pl\/wp-content\/uploads\/2024\/02\/hero-pogotowie-laktacyjne-600x142.png","woocommerce_single-width":600,"woocommerce_single-height":142,"woocommerce_gallery_thumbnail":"https:\/\/supermama.edu.pl\/wp-content\/uploads\/2024\/02\/hero-pogotowie-laktacyjne-100x100.png","woocommerce_gallery_thumbnail-width":100,"woocommerce_gallery_thumbnail-height":100}},"description":"Unikalny model edukacyjny wspieraj\u0105cy nauk\u0119 karmienia piersi\u0105","sidebar_header":"R\u0119cznie dziergane piersi","sidebar_more_info":[{"text":"R\u0119czne wykonanie z dba\u0142o\u015bci\u0105 o detale"},{"text":"Wspiera edukacj\u0119 laktacyjn\u0105 w przyjazny spos\u00f3b"},{"text":"Ka\u017cdy egzemplarz unikatowy jak prawdziwa pier\u015b"}],"countdown":{"":null,"disabled_block":true,"header":{"":null,"heading_text":"","heading_level":"h2","heading_variant":"default","extra_classes":""},"date_end":null,"btn":{"":null,"title":"","button_type":"link","url":"","file":false,"button_style":false,"show_arrow":true,"target":"_self","button_extra_classes":""}},"seo_section":{"":null,"title":{"":null,"heading_text":"","heading_level":"h2","heading_variant":"default","extra_classes":""},"content":""},"product_video":{"video":""}},"acf":[],"_links":{"self":[{"href":"https:\/\/supermama.edu.pl\/index.php\/wp-json\/wp\/v2\/product\/20828","targetHints":{"allow":["GET"]}}],"collection":[{"href":"https:\/\/supermama.edu.pl\/index.php\/wp-json\/wp\/v2\/product"}],"about":[{"href":"https:\/\/supermama.edu.pl\/index.php\/wp-json\/wp\/v2\/types\/product"}],"replies":[{"embeddable":true,"href":"https:\/\/supermama.edu.pl\/index.php\/wp-json\/wp\/v2\/comments?post=20828"}],"wp:featuredmedia":[{"embeddable":true,"href":"https:\/\/supermama.edu.pl\/index.php\/wp-json\/wp\/v2\/media\/20829"}],"wp:attachment":[{"href":"https:\/\/supermama.edu.pl\/index.php\/wp-json\/wp\/v2\/media?parent=20828"}],"wp:term":[{"taxonomy":"product_brand","embeddable":true,"href":"https:\/\/supermama.edu.pl\/index.php\/wp-json\/wp\/v2\/product_brand?post=20828"},{"taxonomy":"product_cat","embeddable":true,"href":"https:\/\/supermama.edu.pl\/index.php\/wp-json\/wp\/v2\/product_cat?post=20828"},{"taxonomy":"product_tag","embeddable":true,"href":"https:\/\/supermama.edu.pl\/index.php\/wp-json\/wp\/v2\/product_tag?post=20828"},{"taxonomy":"product_kind","embeddable":true,"href":"https:\/\/supermama.edu.pl\/index.php\/wp-json\/wp\/v2\/product_kind?post=20828"}],"curies":[{"name":"wp","href":"https:\/\/api.w.org\/{rel}","templated":true}]}}