{"id":8793,"date":"2024-07-26T09:14:03","date_gmt":"2024-07-26T07:14:03","guid":{"rendered":"https:\/\/superamam.cfolks.pl\/?post_type=product&#038;p=8793"},"modified":"2025-11-10T12:45:46","modified_gmt":"2025-11-10T11:45:46","slug":"trening-miesni-dna-miednicy","status":"publish","type":"product","link":"https:\/\/supermama.edu.pl\/produkt\/trening-miesni-dna-miednicy\/","title":{"rendered":"Trening mi\u0119\u015bni dna miednicy"},"content":{"rendered":"<p>Chcesz wzmocni\u0107 lub rozlu\u017ani\u0107 swoje mi\u0119\u015bnie dna miednicy przed porodem? A mo\u017ce miewasz inne dolegliwo\u015bci zwi\u0105zane z dnem miednicy? Skorzystaj z pomocy fizjoterapeutki uroginekologicznej z dojazdem do pacjentki lub w gabinecie. Dojazd do pacjentki realizujemy na terenie Tr\u00f3jmiasta, Rumi, gminy Pruszcz Gda\u0144ski, Ko\u015bcierzyny i Kartuz.<\/p>\n<p><strong>Wa\u017cne: trening powinien zosta\u0107 poprzedzony pierwsz\u0105 wizyt\u0105 w ci\u0105\u017cy, poniewa\u017c nie zawiera szczeg\u00f3\u0142owego wywiadu oraz badania, kt\u00f3re s\u0105 przeprowadzane na pierwszej wizycie w ci\u0105\u017cy.<\/strong><\/p>\n<p><strong>Trening jest przeznaczony dla kobiet z problemami urologicznymi i ginekologicznymi.<\/strong> Regularne treningi \u0142agodz\u0105 i zmniejszaj\u0105 dolegliwo\u015bci urologiczne i ginekologiczne. Trening jest przeprowadzany od drugiego trymestru ci\u0105\u017cy.<\/p>\n","protected":false},"excerpt":{"rendered":"<p>Trening jest dedykowany kobietom z problemami urologicznymi i ginekologicznymi. Systematyczne \u0107wiczenia pomagaj\u0105 w \u0142agodzeniu i redukowaniu tych dolegliwo\u015bci.<\/p>\n","protected":false},"featured_media":8794,"comment_status":"open","ping_status":"closed","template":"","meta":{"inline_featured_image":false,"editor_plus_copied_stylings":"{}"},"product_brand":[],"product_cat":[80,81,86],"product_tag":[],"product_kind":[67],"class_list":{"0":"post-8793","1":"product","2":"type-product","3":"status-publish","4":"has-post-thumbnail","6":"product_cat-uslugi","7":"product_cat-uslugi-fizjoterapeutyczne","8":"product_cat-ciaza-i-porod-fizjoterapia-uroginekologiczna","9":"product_kind-usluga","11":"first","12":"instock","13":"shipping-taxable","14":"purchasable","15":"product-type-variable"},"yoast_head":"<!-- This site is optimized with the Yoast SEO plugin v25.7 - https:\/\/yoast.com\/wordpress\/plugins\/seo\/ -->\n<title>Fizjoterapia mi\u0119\u015bni dna miednicy - Supermama<\/title>\n<meta name=\"description\" content=\"Trening przeznaczony dla kobiet z problemami urologicznymi i ginekologicznymi pozwala na z\u0142agodzenie i zmniejszenie dolegliwo\u015bci \u2b50 Supermama\" \/>\n<meta name=\"robots\" content=\"index, follow, max-snippet:-1, max-image-preview:large, max-video-preview:-1\" \/>\n<link rel=\"canonical\" href=\"https:\/\/supermama.edu.pl\/produkt\/trening-miesni-dna-miednicy\/\" \/>\n<meta property=\"og:locale\" content=\"pl_PL\" \/>\n<meta property=\"og:type\" content=\"article\" \/>\n<meta property=\"og:title\" content=\"Fizjoterapia mi\u0119\u015bni dna miednicy - Supermama\" \/>\n<meta property=\"og:description\" content=\"Trening przeznaczony dla kobiet z problemami urologicznymi i ginekologicznymi pozwala na z\u0142agodzenie i zmniejszenie dolegliwo\u015bci \u2b50 Supermama\" \/>\n<meta property=\"og:url\" content=\"https:\/\/supermama.edu.pl\/produkt\/trening-miesni-dna-miednicy\/\" \/>\n<meta property=\"og:site_name\" content=\"Supermama\" \/>\n<meta property=\"article:modified_time\" content=\"2025-11-10T11:45:46+00:00\" \/>\n<meta property=\"og:image\" content=\"https:\/\/supermama.edu.pl\/wp-content\/uploads\/2024\/07\/Trening-miesni-dna-miednicy.png\" \/>\n\t<meta property=\"og:image:width\" content=\"1080\" \/>\n\t<meta property=\"og:image:height\" content=\"1080\" \/>\n\t<meta property=\"og:image:type\" content=\"image\/png\" \/>\n<meta name=\"twitter:card\" content=\"summary_large_image\" \/>\n<meta name=\"twitter:label1\" content=\"Szacowany czas czytania\" \/>\n\t<meta name=\"twitter:data1\" content=\"1 minuta\" \/>\n<script type=\"application\/ld+json\" class=\"yoast-schema-graph\">{\"@context\":\"https:\/\/schema.org\",\"@graph\":[{\"@type\":\"WebPage\",\"@id\":\"https:\/\/supermama.edu.pl\/produkt\/trening-miesni-dna-miednicy\/\",\"url\":\"https:\/\/supermama.edu.pl\/produkt\/trening-miesni-dna-miednicy\/\",\"name\":\"Fizjoterapia mi\u0119\u015bni dna miednicy - Supermama\",\"isPartOf\":{\"@id\":\"https:\/\/supermama.edu.pl\/#website\"},\"primaryImageOfPage\":{\"@id\":\"https:\/\/supermama.edu.pl\/produkt\/trening-miesni-dna-miednicy\/#primaryimage\"},\"image\":{\"@id\":\"https:\/\/supermama.edu.pl\/produkt\/trening-miesni-dna-miednicy\/#primaryimage\"},\"thumbnailUrl\":\"https:\/\/supermama.edu.pl\/wp-content\/uploads\/2024\/07\/Trening-miesni-dna-miednicy.png\",\"datePublished\":\"2024-07-26T07:14:03+00:00\",\"dateModified\":\"2025-11-10T11:45:46+00:00\",\"description\":\"Trening przeznaczony dla kobiet z problemami urologicznymi i ginekologicznymi pozwala na z\u0142agodzenie i zmniejszenie dolegliwo\u015bci \u2b50 Supermama\",\"breadcrumb\":{\"@id\":\"https:\/\/supermama.edu.pl\/produkt\/trening-miesni-dna-miednicy\/#breadcrumb\"},\"inLanguage\":\"pl-PL\",\"potentialAction\":[{\"@type\":\"ReadAction\",\"target\":[\"https:\/\/supermama.edu.pl\/produkt\/trening-miesni-dna-miednicy\/\"]}]},{\"@type\":\"ImageObject\",\"inLanguage\":\"pl-PL\",\"@id\":\"https:\/\/supermama.edu.pl\/produkt\/trening-miesni-dna-miednicy\/#primaryimage\",\"url\":\"https:\/\/supermama.edu.pl\/wp-content\/uploads\/2024\/07\/Trening-miesni-dna-miednicy.png\",\"contentUrl\":\"https:\/\/supermama.edu.pl\/wp-content\/uploads\/2024\/07\/Trening-miesni-dna-miednicy.png\",\"width\":1080,\"height\":1080},{\"@type\":\"BreadcrumbList\",\"@id\":\"https:\/\/supermama.edu.pl\/produkt\/trening-miesni-dna-miednicy\/#breadcrumb\",\"itemListElement\":[{\"@type\":\"ListItem\",\"position\":1,\"name\":\"Strona g\u0142\u00f3wna\",\"item\":\"https:\/\/supermama.edu.pl\/\"},{\"@type\":\"ListItem\",\"position\":2,\"name\":\"Produkty\",\"item\":\"https:\/\/supermama.edu.pl\/sklep\/produkty\/\"},{\"@type\":\"ListItem\",\"position\":3,\"name\":\"Trening mi\u0119\u015bni dna miednicy\"}]},{\"@type\":\"WebSite\",\"@id\":\"https:\/\/supermama.edu.pl\/#website\",\"url\":\"https:\/\/supermama.edu.pl\/\",\"name\":\"Supermama\",\"description\":\"Ma\u0142a wielka edukacja\",\"potentialAction\":[{\"@type\":\"SearchAction\",\"target\":{\"@type\":\"EntryPoint\",\"urlTemplate\":\"https:\/\/supermama.edu.pl\/?s={search_term_string}\"},\"query-input\":{\"@type\":\"PropertyValueSpecification\",\"valueRequired\":true,\"valueName\":\"search_term_string\"}}],\"inLanguage\":\"pl-PL\"}]}<\/script>\n<!-- \/ Yoast SEO plugin. -->","yoast_head_json":{"title":"Fizjoterapia mi\u0119\u015bni dna miednicy - Supermama","description":"Trening przeznaczony dla kobiet z problemami urologicznymi i ginekologicznymi pozwala na z\u0142agodzenie i zmniejszenie dolegliwo\u015bci \u2b50 Supermama","robots":{"index":"index","follow":"follow","max-snippet":"max-snippet:-1","max-image-preview":"max-image-preview:large","max-video-preview":"max-video-preview:-1"},"canonical":"https:\/\/supermama.edu.pl\/produkt\/trening-miesni-dna-miednicy\/","og_locale":"pl_PL","og_type":"article","og_title":"Fizjoterapia mi\u0119\u015bni dna miednicy - Supermama","og_description":"Trening przeznaczony dla kobiet z problemami urologicznymi i ginekologicznymi pozwala na z\u0142agodzenie i zmniejszenie dolegliwo\u015bci \u2b50 Supermama","og_url":"https:\/\/supermama.edu.pl\/produkt\/trening-miesni-dna-miednicy\/","og_site_name":"Supermama","article_modified_time":"2025-11-10T11:45:46+00:00","og_image":[{"width":1080,"height":1080,"url":"https:\/\/supermama.edu.pl\/wp-content\/uploads\/2024\/07\/Trening-miesni-dna-miednicy.png","type":"image\/png"}],"twitter_card":"summary_large_image","twitter_misc":{"Szacowany czas czytania":"1 minuta"},"schema":{"@context":"https:\/\/schema.org","@graph":[{"@type":"WebPage","@id":"https:\/\/supermama.edu.pl\/produkt\/trening-miesni-dna-miednicy\/","url":"https:\/\/supermama.edu.pl\/produkt\/trening-miesni-dna-miednicy\/","name":"Fizjoterapia mi\u0119\u015bni dna miednicy - Supermama","isPartOf":{"@id":"https:\/\/supermama.edu.pl\/#website"},"primaryImageOfPage":{"@id":"https:\/\/supermama.edu.pl\/produkt\/trening-miesni-dna-miednicy\/#primaryimage"},"image":{"@id":"https:\/\/supermama.edu.pl\/produkt\/trening-miesni-dna-miednicy\/#primaryimage"},"thumbnailUrl":"https:\/\/supermama.edu.pl\/wp-content\/uploads\/2024\/07\/Trening-miesni-dna-miednicy.png","datePublished":"2024-07-26T07:14:03+00:00","dateModified":"2025-11-10T11:45:46+00:00","description":"Trening przeznaczony dla kobiet z problemami urologicznymi i ginekologicznymi pozwala na z\u0142agodzenie i zmniejszenie dolegliwo\u015bci \u2b50 Supermama","breadcrumb":{"@id":"https:\/\/supermama.edu.pl\/produkt\/trening-miesni-dna-miednicy\/#breadcrumb"},"inLanguage":"pl-PL","potentialAction":[{"@type":"ReadAction","target":["https:\/\/supermama.edu.pl\/produkt\/trening-miesni-dna-miednicy\/"]}]},{"@type":"ImageObject","inLanguage":"pl-PL","@id":"https:\/\/supermama.edu.pl\/produkt\/trening-miesni-dna-miednicy\/#primaryimage","url":"https:\/\/supermama.edu.pl\/wp-content\/uploads\/2024\/07\/Trening-miesni-dna-miednicy.png","contentUrl":"https:\/\/supermama.edu.pl\/wp-content\/uploads\/2024\/07\/Trening-miesni-dna-miednicy.png","width":1080,"height":1080},{"@type":"BreadcrumbList","@id":"https:\/\/supermama.edu.pl\/produkt\/trening-miesni-dna-miednicy\/#breadcrumb","itemListElement":[{"@type":"ListItem","position":1,"name":"Strona g\u0142\u00f3wna","item":"https:\/\/supermama.edu.pl\/"},{"@type":"ListItem","position":2,"name":"Produkty","item":"https:\/\/supermama.edu.pl\/sklep\/produkty\/"},{"@type":"ListItem","position":3,"name":"Trening mi\u0119\u015bni dna miednicy"}]},{"@type":"WebSite","@id":"https:\/\/supermama.edu.pl\/#website","url":"https:\/\/supermama.edu.pl\/","name":"Supermama","description":"Ma\u0142a wielka edukacja","potentialAction":[{"@type":"SearchAction","target":{"@type":"EntryPoint","urlTemplate":"https:\/\/supermama.edu.pl\/?s={search_term_string}"},"query-input":{"@type":"PropertyValueSpecification","valueRequired":true,"valueName":"search_term_string"}}],"inLanguage":"pl-PL"}]}},"gutenberg_blocks":[{"blockName":"custom-styles","attrs":{"styles":""}}],"meta_data":{"product_kind":{"term_id":67,"name":"Us\u0142uga","slug":"usluga","term_group":0,"term_taxonomy_id":67,"taxonomy":"product_kind","description":"","parent":0,"count":42,"filter":"raw","term_order":"0"},"label":"null","description":"Trening jest przeznaczony dla kobiet z trudno\u015bciami urologicznymi i ginekologicznymi.","sidebar_header":"Trening mi\u0119\u015bni dna miednicy","sidebar_more_info":[{"text":"Z\u0142agodzenie dolegliwo\u015bci urologicznych"},{"text":"Zmniejszenie problem\u00f3w ginekologicznych"}],"countdown":{"":null,"disabled_block":true,"header":{"":null,"heading_text":"","heading_level":"h2","heading_variant":"default","extra_classes":""},"date_end":null,"btn":{"":null,"title":"","button_type":"link","url":"","file":false,"button_style":false,"show_arrow":true,"target":"_self","button_extra_classes":""}},"seo_section":{"":null,"title":{"":null,"heading_text":"","heading_level":"h2","heading_variant":"default","extra_classes":""},"content":""},"duration":"45 minut","how_to_get_the_service":{"":null,"header":{"":null,"heading_text":"Jak zam\u00f3wi\u0107 us\u0142ug\u0119?","heading_level":"h2","heading_variant":"default","extra_classes":""},"boxs":[{"title":"Wybierz us\u0142ug\u0119 i op\u0142a\u0107 zam\u00f3wienie","text":""},{"title":"Fizjoterapeutka skontaktuje si\u0119 z Tob\u0105 w celu um\u00f3wienia wizyty","text":""},{"title":"Je\u017celi masz dodatkowe pytania, zadzwo\u0144!","text":"505-09-10-20 lub 535-555-536"}],"variant":"null"},"promotion_ends":"","background":{"ID":9311,"id":9311,"title":"hero kobiece sprawy","filename":"hero-kobiece-sprawy.png","filesize":459728,"url":"https:\/\/supermama.edu.pl\/wp-content\/uploads\/2024\/07\/hero-kobiece-sprawy.png","link":"https:\/\/supermama.edu.pl\/produkt\/terapia-dna-miednicy-kobiece-sprawy\/attachment\/hero-kobiece-sprawy\/","alt":"","author":"69","description":"","caption":"","name":"hero-kobiece-sprawy","status":"inherit","uploaded_to":8846,"date":"2024-08-07 05:43:36","modified":"2024-08-07 05:43:36","menu_order":0,"mime_type":"image\/png","type":"image","subtype":"png","icon":"https:\/\/supermama.edu.pl\/wp-includes\/images\/media\/default.png","width":1920,"height":454,"sizes":{"thumbnail":"https:\/\/supermama.edu.pl\/wp-content\/uploads\/2024\/07\/hero-kobiece-sprawy-150x150.png","thumbnail-width":150,"thumbnail-height":150,"medium":"https:\/\/supermama.edu.pl\/wp-content\/uploads\/2024\/07\/hero-kobiece-sprawy-450x106.png","medium-width":450,"medium-height":106,"medium_large":"https:\/\/supermama.edu.pl\/wp-content\/uploads\/2024\/07\/hero-kobiece-sprawy-768x182.png","medium_large-width":768,"medium_large-height":182,"large":"https:\/\/supermama.edu.pl\/wp-content\/uploads\/2024\/07\/hero-kobiece-sprawy-1024x242.png","large-width":1024,"large-height":242,"1536x1536":"https:\/\/supermama.edu.pl\/wp-content\/uploads\/2024\/07\/hero-kobiece-sprawy-1536x363.png","1536x1536-width":1536,"1536x1536-height":363,"2048x2048":"https:\/\/supermama.edu.pl\/wp-content\/uploads\/2024\/07\/hero-kobiece-sprawy.png","2048x2048-width":1920,"2048x2048-height":454,"small":"https:\/\/supermama.edu.pl\/wp-content\/uploads\/2024\/07\/hero-kobiece-sprawy-500x118.png","small-width":500,"small-height":118,"woocommerce_thumbnail":"https:\/\/supermama.edu.pl\/wp-content\/uploads\/2024\/07\/hero-kobiece-sprawy-300x300.png","woocommerce_thumbnail-width":300,"woocommerce_thumbnail-height":300,"woocommerce_single":"https:\/\/supermama.edu.pl\/wp-content\/uploads\/2024\/07\/hero-kobiece-sprawy-600x142.png","woocommerce_single-width":600,"woocommerce_single-height":142,"woocommerce_gallery_thumbnail":"https:\/\/supermama.edu.pl\/wp-content\/uploads\/2024\/07\/hero-kobiece-sprawy-100x100.png","woocommerce_gallery_thumbnail-width":100,"woocommerce_gallery_thumbnail-height":100}},"refundable_course":false},"acf":[],"_links":{"self":[{"href":"https:\/\/supermama.edu.pl\/index.php\/wp-json\/wp\/v2\/product\/8793","targetHints":{"allow":["GET"]}}],"collection":[{"href":"https:\/\/supermama.edu.pl\/index.php\/wp-json\/wp\/v2\/product"}],"about":[{"href":"https:\/\/supermama.edu.pl\/index.php\/wp-json\/wp\/v2\/types\/product"}],"replies":[{"embeddable":true,"href":"https:\/\/supermama.edu.pl\/index.php\/wp-json\/wp\/v2\/comments?post=8793"}],"wp:featuredmedia":[{"embeddable":true,"href":"https:\/\/supermama.edu.pl\/index.php\/wp-json\/wp\/v2\/media\/8794"}],"wp:attachment":[{"href":"https:\/\/supermama.edu.pl\/index.php\/wp-json\/wp\/v2\/media?parent=8793"}],"wp:term":[{"taxonomy":"product_brand","embeddable":true,"href":"https:\/\/supermama.edu.pl\/index.php\/wp-json\/wp\/v2\/product_brand?post=8793"},{"taxonomy":"product_cat","embeddable":true,"href":"https:\/\/supermama.edu.pl\/index.php\/wp-json\/wp\/v2\/product_cat?post=8793"},{"taxonomy":"product_tag","embeddable":true,"href":"https:\/\/supermama.edu.pl\/index.php\/wp-json\/wp\/v2\/product_tag?post=8793"},{"taxonomy":"product_kind","embeddable":true,"href":"https:\/\/supermama.edu.pl\/index.php\/wp-json\/wp\/v2\/product_kind?post=8793"}],"curies":[{"name":"wp","href":"https:\/\/api.w.org\/{rel}","templated":true}]}}